{"id":1315,"date":"2017-04-25T12:15:56","date_gmt":"2017-04-25T10:15:56","guid":{"rendered":"https:\/\/isal-paris.com\/en\/?page_id=1315"},"modified":"2022-07-12T15:48:27","modified_gmt":"2022-07-12T13:48:27","slug":"news","status":"publish","type":"page","link":"https:\/\/isal-paris.com\/en\/news\/","title":{"rendered":"NEWS"},"content":{"rendered":"<p><div class=\"fusion-fullwidth fullwidth-box fusion-builder-row-1 fusion-flex-container nonhundred-percent-fullwidth non-hundred-percent-height-scrolling\" style=\"--awb-border-radius-top-left:0px;--awb-border-radius-top-right:0px;--awb-border-radius-bottom-right:0px;--awb-border-radius-bottom-left:0px;--awb-padding-top:20px;--awb-padding-bottom:20px;--awb-flex-wrap:wrap;\" ><div class=\"fusion-builder-row fusion-row fusion-flex-align-items-flex-start fusion-flex-content-wrap\" style=\"max-width:calc( 1200px + 0px );margin-left: calc(-0px \/ 2 );margin-right: calc(-0px \/ 2 );\"><div class=\"fusion-layout-column fusion_builder_column fusion-builder-column-0 fusion_builder_column_1_1 1_1 fusion-flex-column\" style=\"--awb-bg-size:cover;--awb-width-large:100%;--awb-margin-top-large:0px;--awb-spacing-right-large:0px;--awb-margin-bottom-large:0px;--awb-spacing-left-large:0px;--awb-width-medium:100%;--awb-spacing-right-medium:0px;--awb-spacing-left-medium:0px;--awb-width-small:100%;--awb-spacing-right-small:0px;--awb-spacing-left-small:0px;\"><div class=\"fusion-column-wrapper fusion-flex-justify-content-flex-start fusion-content-layout-column\"><div class=\"fusion-title title fusion-title-1 fusion-title-center fusion-title-text fusion-title-size-one\" style=\"--awb-margin-top-small:0px;--awb-margin-right-small:0px;--awb-margin-bottom-small:20px;--awb-margin-left-small:0px;\"><div class=\"title-sep-container title-sep-container-left\"><div class=\"title-sep sep-single sep-solid\" style=\"border-color:var(--awb-color4);\"><\/div><\/div><span class=\"awb-title-spacer\"><\/span><h1 class=\"fusion-title-heading title-heading-center fusion-responsive-typography-calculated\" style=\"margin:0;--fontSize:26;--minFontSize:26;line-height:1.31;\"><h2 style=\"text-align: center;\">Here is the Isal news, discover all our articles :<\/h2><\/h1><span class=\"awb-title-spacer\"><\/span><div class=\"title-sep-container title-sep-container-right\"><div class=\"title-sep sep-single sep-solid\" style=\"border-color:var(--awb-color4);\"><\/div><\/div><\/div><div class=\"fusion-blog-shortcode fusion-blog-shortcode-1 fusion-blog-archive fusion-blog-layout-grid-wrapper fusion-blog-no\"><style type=\"text\/css\">.fusion-blog-shortcode-1 .fusion-blog-layout-grid .fusion-post-grid{padding:20px;}.fusion-blog-shortcode-1 .fusion-posts-container{margin-left: -20px !important; margin-right:-20px !important;}<\/style><div class=\"fusion-posts-container fusion-posts-container-no fusion-blog-layout-grid fusion-blog-layout-grid-2 isotope\" data-pages=\"22\" data-grid-col-space=\"40\" style=\"margin: -20px -20px 0;min-height:500px;\"><article id=\"blog-1-post-15949\" class=\"fusion-post-grid post-15949 post type-post status-publish format-standard has-post-thumbnail hentry category-tendances-mode-et-luxe\">\n<div class=\"fusion-post-wrapper\" style=\"background-color:var(--awb-custom_color_2);border:1px solid var(--awb-color4);border-bottom-width:3px;\">\n\n\t\t\t<div class=\"fusion-flexslider flexslider fusion-flexslider-loading fusion-post-slideshow\" style=\"border-color:var(--awb-color4);\">\n\t\t<ul class=\"slides\">\n\t\t\t\n\t\t\t\t\t\t\t\t\t\t\t\t\t\t<li><div  class=\"fusion-image-wrapper\" aria-haspopup=\"true\">\n\t\t\t\t\t\t\t<a href=\"https:\/\/isal-paris.com\/en\/premiere-vision-paris-le-salon-cle-de-la-mode\/\" aria-label=\"Premi\u00e8re Vision Paris : Le Salon Cl\u00e9 de la Mode\">\n\t\t\t\t\t\t\t<img decoding=\"async\" width=\"1366\" height=\"768\" src=\"https:\/\/isal-paris.com\/wp-content\/uploads\/2026\/02\/7-1.jpg\" class=\"attachment-full size-full wp-post-image\" alt=\"\" srcset=\"https:\/\/isal-paris.com\/wp-content\/uploads\/2026\/02\/7-1-200x112.jpg 200w, https:\/\/isal-paris.com\/wp-content\/uploads\/2026\/02\/7-1-400x225.jpg 400w, https:\/\/isal-paris.com\/wp-content\/uploads\/2026\/02\/7-1-600x337.jpg 600w, https:\/\/isal-paris.com\/wp-content\/uploads\/2026\/02\/7-1-800x450.jpg 800w, https:\/\/isal-paris.com\/wp-content\/uploads\/2026\/02\/7-1-1200x675.jpg 1200w, https:\/\/isal-paris.com\/wp-content\/uploads\/2026\/02\/7-1.jpg 1366w\" sizes=\"(min-width: 2200px) 100vw, (min-width: 712px) 580px, (min-width: 640px) 712px, \" \/>\t\t\t<\/a>\n\t\t\t\t\t\t\t<\/div>\n<\/li>\n\t\t\t\n\t\t\t\n\t\t\t\t\t\t\t\t\t\t\t\t\t\t\t\t\t\t\t\t\t\t\t\t\t\t\t\t\t\t\t\t\t\t\t\t\t\t\t\t\t\t\t\t\t\t\t\t\t\t\t\t\t\t\t\t\t\t\t\t\t\t\t\t\t\t\t\t<\/ul>\n\t<\/div>\n\t<div class=\"fusion-post-content-wrapper\" style=\"padding:30px 25px 20px 25px;\"><div class=\"fusion-post-content post-content\"><h2 class=\"blog-shortcode-post-title\"><a href=\"https:\/\/isal-paris.com\/en\/premiere-vision-paris-le-salon-cle-de-la-mode\/\">Premi\u00e8re Vision Paris : Le Salon Cl\u00e9 de la Mode<\/a><\/h2><p class=\"fusion-single-line-meta\">By <span><a href=\"https:\/\/isal-paris.com\/en\/author\/web_editor\/\" title=\"Posts by Camila GALVIS\" rel=\"author\">Camila GALVIS<\/a><\/span><span class=\"fusion-inline-sep\">|<\/span><span>March 9th, 2026<\/span><span class=\"fusion-inline-sep\">|<\/span>Categories: <a href=\"https:\/\/isal-paris.com\/en\/category\/tendances-mode-et-luxe\/\" rel=\"category tag\">Fashion and luxury trends<\/a><span class=\"fusion-inline-sep\">|<\/span><\/p><div class=\"fusion-content-sep sep-double sep-solid\"><\/div><div class=\"fusion-post-content-container\"><p> PREMI\u00c8RE VISION PARIS : LE RENDEZ-VOUS PROFESSIONNEL DU SOURCING TEXTILE ET DES MATI\u00c8RES  Dans le monde de la mode et du textile, il existe un...<\/p><\/div><\/div><div class=\"fusion-meta-info\"><div class=\"fusion-alignleft\"><a class=\"fusion-read-more\" href=\"https:\/\/isal-paris.com\/en\/premiere-vision-paris-le-salon-cle-de-la-mode\/\" aria-label=\"More on Premi\u00e8re Vision Paris : Le Salon Cl\u00e9 de la Mode\">Read More<\/a><\/div><div class=\"fusion-alignright\"><span>Comments Off<span class=\"screen-reader-text\"> on Premi\u00e8re Vision Paris : Le Salon Cl\u00e9 de la Mode<\/span><\/span><\/div><\/div><\/div><div class=\"fusion-clearfix\"><\/div><\/div>\n<\/article>\n<article id=\"blog-1-post-15964\" class=\"fusion-post-grid post-15964 post type-post status-publish format-standard has-post-thumbnail hentry category-tendances-mode-et-luxe\">\n<div class=\"fusion-post-wrapper\" style=\"background-color:var(--awb-custom_color_2);border:1px solid var(--awb-color4);border-bottom-width:3px;\">\n\n\t\t\t<div class=\"fusion-flexslider flexslider fusion-flexslider-loading fusion-post-slideshow\" style=\"border-color:var(--awb-color4);\">\n\t\t<ul class=\"slides\">\n\t\t\t\n\t\t\t\t\t\t\t\t\t\t\t\t\t\t<li><div  class=\"fusion-image-wrapper\" aria-haspopup=\"true\">\n\t\t\t\t\t\t\t<a href=\"https:\/\/isal-paris.com\/en\/le-defile-isal-paris-oversize-color-block\/\" aria-label=\"LE D\u00c9FIL\u00c9 ISAL\u00a0PARIS OVERSIZE COLOR BLOCK\">\n\t\t\t\t\t\t\t<img decoding=\"async\" width=\"1366\" height=\"768\" src=\"https:\/\/isal-paris.com\/wp-content\/uploads\/2026\/02\/9-1.jpg\" class=\"attachment-full size-full wp-post-image\" alt=\"\" srcset=\"https:\/\/isal-paris.com\/wp-content\/uploads\/2026\/02\/9-1-200x112.jpg 200w, https:\/\/isal-paris.com\/wp-content\/uploads\/2026\/02\/9-1-400x225.jpg 400w, https:\/\/isal-paris.com\/wp-content\/uploads\/2026\/02\/9-1-600x337.jpg 600w, https:\/\/isal-paris.com\/wp-content\/uploads\/2026\/02\/9-1-800x450.jpg 800w, https:\/\/isal-paris.com\/wp-content\/uploads\/2026\/02\/9-1-1200x675.jpg 1200w, https:\/\/isal-paris.com\/wp-content\/uploads\/2026\/02\/9-1.jpg 1366w\" sizes=\"(min-width: 2200px) 100vw, (min-width: 712px) 580px, (min-width: 640px) 712px, \" \/>\t\t\t<\/a>\n\t\t\t\t\t\t\t<\/div>\n<\/li>\n\t\t\t\n\t\t\t\n\t\t\t\t\t\t\t\t\t\t\t\t\t\t\t\t\t\t\t\t\t\t\t\t\t\t\t\t\t\t\t\t\t\t\t\t\t\t\t\t\t\t\t\t\t\t\t\t\t\t\t\t\t\t\t\t\t\t\t\t\t\t\t\t\t\t\t\t<\/ul>\n\t<\/div>\n\t<div class=\"fusion-post-content-wrapper\" style=\"padding:30px 25px 20px 25px;\"><div class=\"fusion-post-content post-content\"><h2 class=\"blog-shortcode-post-title\"><a href=\"https:\/\/isal-paris.com\/en\/le-defile-isal-paris-oversize-color-block\/\">LE D\u00c9FIL\u00c9 ISAL\u00a0PARIS OVERSIZE COLOR BLOCK<\/a><\/h2><p class=\"fusion-single-line-meta\">By <span><a href=\"https:\/\/isal-paris.com\/en\/author\/web_editor\/\" title=\"Posts by Camila GALVIS\" rel=\"author\">Camila GALVIS<\/a><\/span><span class=\"fusion-inline-sep\">|<\/span><span>March 9th, 2026<\/span><span class=\"fusion-inline-sep\">|<\/span>Categories: <a href=\"https:\/\/isal-paris.com\/en\/category\/tendances-mode-et-luxe\/\" rel=\"category tag\">Fashion and luxury trends<\/a><span class=\"fusion-inline-sep\">|<\/span><\/p><div class=\"fusion-content-sep sep-double sep-solid\"><\/div><div class=\"fusion-post-content-container\"><p> ISAL PARIS : L'EXP\u00c9RIENCE DU D\u00c9FIL\u00c9 AU C\u0152UR DE LA P\u00c9DAGOGIE DE LA MODE  D\u00e9couvrez comment ISAL PARIS int\u00e8gre deux d\u00e9fil\u00e9s par an dans son...<\/p><\/div><\/div><div class=\"fusion-meta-info\"><div class=\"fusion-alignleft\"><a class=\"fusion-read-more\" href=\"https:\/\/isal-paris.com\/en\/le-defile-isal-paris-oversize-color-block\/\" aria-label=\"More on LE D\u00c9FIL\u00c9 ISAL\u00a0PARIS OVERSIZE COLOR BLOCK\">Read More<\/a><\/div><div class=\"fusion-alignright\"><span>Comments Off<span class=\"screen-reader-text\"> on LE D\u00c9FIL\u00c9 ISAL\u00a0PARIS OVERSIZE COLOR BLOCK<\/span><\/span><\/div><\/div><\/div><div class=\"fusion-clearfix\"><\/div><\/div>\n<\/article>\n<article id=\"blog-1-post-14869\" class=\"fusion-post-grid post-14869 post type-post status-publish format-standard has-post-thumbnail hentry category-evenements category-jpo\">\n<div class=\"fusion-post-wrapper\" style=\"background-color:var(--awb-custom_color_2);border:1px solid var(--awb-color4);border-bottom-width:3px;\">\n\n\t\t\t<div class=\"fusion-flexslider flexslider fusion-flexslider-loading fusion-post-slideshow\" style=\"border-color:var(--awb-color4);\">\n\t\t<ul class=\"slides\">\n\t\t\t\n\t\t\t\t\t\t\t\t\t\t\t\t\t\t<li><div  class=\"fusion-image-wrapper\" aria-haspopup=\"true\">\n\t\t\t\t\t\t\t<a href=\"https:\/\/isal-paris.com\/en\/journee-portes-ouvertes-samedi-13-decembre\/\" aria-label=\"Journ\u00e9e Portes Ouvertes &#8211; Samedi 14 Mars\">\n\t\t\t\t\t\t\t<img decoding=\"async\" width=\"2560\" height=\"1707\" src=\"https:\/\/isal-paris.com\/wp-content\/uploads\/2025\/03\/ISAL-2025-03-22-_36.jpg\" class=\"attachment-full size-full wp-post-image\" alt=\"\" srcset=\"https:\/\/isal-paris.com\/wp-content\/uploads\/2025\/03\/ISAL-2025-03-22-_36-200x133.jpg 200w, https:\/\/isal-paris.com\/wp-content\/uploads\/2025\/03\/ISAL-2025-03-22-_36-400x267.jpg 400w, https:\/\/isal-paris.com\/wp-content\/uploads\/2025\/03\/ISAL-2025-03-22-_36-600x400.jpg 600w, https:\/\/isal-paris.com\/wp-content\/uploads\/2025\/03\/ISAL-2025-03-22-_36-800x533.jpg 800w, https:\/\/isal-paris.com\/wp-content\/uploads\/2025\/03\/ISAL-2025-03-22-_36-1200x800.jpg 1200w, https:\/\/isal-paris.com\/wp-content\/uploads\/2025\/03\/ISAL-2025-03-22-_36.jpg 2560w\" sizes=\"(min-width: 2200px) 100vw, (min-width: 712px) 580px, (min-width: 640px) 712px, \" \/>\t\t\t<\/a>\n\t\t\t\t\t\t\t<\/div>\n<\/li>\n\t\t\t\n\t\t\t\n\t\t\t\t\t\t\t\t\t\t\t\t\t\t\t\t\t\t\t\t\t\t\t\t\t\t\t\t\t\t\t\t\t\t\t\t\t\t\t\t\t\t\t\t\t\t\t\t\t\t\t\t\t\t\t\t\t\t\t\t\t\t\t\t\t\t\t\t<\/ul>\n\t<\/div>\n\t<div class=\"fusion-post-content-wrapper\" style=\"padding:30px 25px 20px 25px;\"><div class=\"fusion-post-content post-content\"><h2 class=\"blog-shortcode-post-title\"><a href=\"https:\/\/isal-paris.com\/en\/journee-portes-ouvertes-samedi-13-decembre\/\">Journ\u00e9e Portes Ouvertes &#8211; Samedi 14 Mars<\/a><\/h2><p class=\"fusion-single-line-meta\">By <span><a href=\"https:\/\/isal-paris.com\/en\/author\/web_editor\/\" title=\"Posts by Camila GALVIS\" rel=\"author\">Camila GALVIS<\/a><\/span><span class=\"fusion-inline-sep\">|<\/span><span>November 27th, 2025<\/span><span class=\"fusion-inline-sep\">|<\/span>Categories: <a href=\"https:\/\/isal-paris.com\/en\/category\/evenements\/\" rel=\"category tag\">Events<\/a>, <a href=\"https:\/\/isal-paris.com\/en\/category\/evenements\/jpo\/\" rel=\"category tag\">Open Day<\/a><span class=\"fusion-inline-sep\">|<\/span><\/p><div class=\"fusion-content-sep sep-double sep-solid\"><\/div><div class=\"fusion-post-content-container\"><p> Le samedi 14 Mars de 14h00 \u00e0 17h00 se tiendra notre Journ\u00e9e Portes Ouvertes au c\u0153ur de notre \u00e9cole ISAL PARIS! Nous vous pr\u00e9senterons l'ensemble de...<\/p><\/div><\/div><div class=\"fusion-meta-info\"><div class=\"fusion-alignleft\"><a class=\"fusion-read-more\" href=\"https:\/\/isal-paris.com\/en\/journee-portes-ouvertes-samedi-13-decembre\/\" aria-label=\"More on Journ\u00e9e Portes Ouvertes &#8211; Samedi 14 Mars\">Read More<\/a><\/div><div class=\"fusion-alignright\"><a href=\"https:\/\/isal-paris.com\/en\/journee-portes-ouvertes-samedi-13-decembre\/#respond\"><i class=\"awb-icon-bubbles\" aria-hidden=\"true\"><\/i>&nbsp;0<\/a><\/div><\/div><\/div><div class=\"fusion-clearfix\"><\/div><\/div>\n<\/article>\n<article id=\"blog-1-post-14986\" class=\"fusion-post-grid post-14986 post type-post status-publish format-standard has-post-thumbnail hentry category-tendances-mode-et-luxe\">\n<div class=\"fusion-post-wrapper\" style=\"background-color:var(--awb-custom_color_2);border:1px solid var(--awb-color4);border-bottom-width:3px;\">\n\n\t\t\t<div class=\"fusion-flexslider flexslider fusion-flexslider-loading fusion-post-slideshow\" style=\"border-color:var(--awb-color4);\">\n\t\t<ul class=\"slides\">\n\t\t\t\n\t\t\t\t\t\t\t\t\t\t\t\t\t\t<li><div  class=\"fusion-image-wrapper\" aria-haspopup=\"true\">\n\t\t\t\t\t\t\t<a href=\"https:\/\/isal-paris.com\/en\/loi-anti-gaspillage-mode-luxe\/\" aria-label=\"Loi Anti-Gaspillage et pour une \u00c9conomie Circulaire Mode &#038; Luxe 2026\">\n\t\t\t\t\t\t\t<img decoding=\"async\" width=\"2560\" height=\"1707\" src=\"https:\/\/isal-paris.com\/wp-content\/uploads\/2025\/11\/pexels-cottonbro-6069530-scaled.jpg\" class=\"attachment-full size-full wp-post-image\" alt=\"Reuse and second life of clothes - AGEC luxury fashion law\u201d.\u201d\" srcset=\"https:\/\/isal-paris.com\/wp-content\/uploads\/2025\/11\/pexels-cottonbro-6069530-200x133.jpg 200w, https:\/\/isal-paris.com\/wp-content\/uploads\/2025\/11\/pexels-cottonbro-6069530-400x267.jpg 400w, https:\/\/isal-paris.com\/wp-content\/uploads\/2025\/11\/pexels-cottonbro-6069530-600x400.jpg 600w, https:\/\/isal-paris.com\/wp-content\/uploads\/2025\/11\/pexels-cottonbro-6069530-800x533.jpg 800w, https:\/\/isal-paris.com\/wp-content\/uploads\/2025\/11\/pexels-cottonbro-6069530-1200x800.jpg 1200w, https:\/\/isal-paris.com\/wp-content\/uploads\/2025\/11\/pexels-cottonbro-6069530-scaled.jpg 2560w\" sizes=\"(min-width: 2200px) 100vw, (min-width: 712px) 580px, (min-width: 640px) 712px, \" \/>\t\t\t<\/a>\n\t\t\t\t\t\t\t<\/div>\n<\/li>\n\t\t\t\n\t\t\t\n\t\t\t\t\t\t\t\t\t\t\t\t\t\t\t\t\t\t\t\t\t\t\t\t\t\t\t\t\t\t\t\t\t\t\t\t\t\t\t\t\t\t\t\t\t\t\t\t\t\t\t\t\t\t\t\t\t\t\t\t\t\t\t\t\t\t\t\t<\/ul>\n\t<\/div>\n\t<div class=\"fusion-post-content-wrapper\" style=\"padding:30px 25px 20px 25px;\"><div class=\"fusion-post-content post-content\"><h2 class=\"blog-shortcode-post-title\"><a href=\"https:\/\/isal-paris.com\/en\/loi-anti-gaspillage-mode-luxe\/\">Loi Anti-Gaspillage et pour une \u00c9conomie Circulaire Mode &#038; Luxe 2026<\/a><\/h2><p class=\"fusion-single-line-meta\">By <span><a href=\"https:\/\/isal-paris.com\/en\/author\/web_editor\/\" title=\"Posts by Camila GALVIS\" rel=\"author\">Camila GALVIS<\/a><\/span><span class=\"fusion-inline-sep\">|<\/span><span>November 3rd, 2025<\/span><span class=\"fusion-inline-sep\">|<\/span>Categories: <a href=\"https:\/\/isal-paris.com\/en\/category\/tendances-mode-et-luxe\/\" rel=\"category tag\">Fashion and luxury trends<\/a><span class=\"fusion-inline-sep\">|<\/span><\/p><div class=\"fusion-content-sep sep-double sep-solid\"><\/div><div class=\"fusion-post-content-container\"><p> Loi Anti Gaspillage et pour une \u00c9conomie Circulaire (Loi AGEC) : quelles obligations pour les cr\u00e9ateurs et marques de la Mode et du Luxe ? ...<\/p><\/div><\/div><div class=\"fusion-meta-info\"><div class=\"fusion-alignleft\"><a class=\"fusion-read-more\" href=\"https:\/\/isal-paris.com\/en\/loi-anti-gaspillage-mode-luxe\/\" aria-label=\"More on Loi Anti-Gaspillage et pour une \u00c9conomie Circulaire Mode &#038; Luxe 2026\">Read More<\/a><\/div><div class=\"fusion-alignright\"><span>Comments Off<span class=\"screen-reader-text\"> on Loi Anti-Gaspillage et pour une \u00c9conomie Circulaire Mode &#038; Luxe 2026<\/span><\/span><\/div><\/div><\/div><div class=\"fusion-clearfix\"><\/div><\/div>\n<\/article>\n<article id=\"blog-1-post-14931\" class=\"fusion-post-grid post-14931 post type-post status-publish format-standard has-post-thumbnail hentry category-tendances-mode-et-luxe\">\n<div class=\"fusion-post-wrapper\" style=\"background-color:var(--awb-custom_color_2);border:1px solid var(--awb-color4);border-bottom-width:3px;\">\n\n\t\t\t<div class=\"fusion-flexslider flexslider fusion-flexslider-loading fusion-post-slideshow\" style=\"border-color:var(--awb-color4);\">\n\t\t<ul class=\"slides\">\n\t\t\t\n\t\t\t\t\t\t\t\t\t\t\t\t\t\t<li><div  class=\"fusion-image-wrapper\" aria-haspopup=\"true\">\n\t\t\t\t\t\t\t<a href=\"https:\/\/isal-paris.com\/en\/comment-isal-paris-integre-lia-dans-sa-pedagogie\/\" aria-label=\"How ISAL PARIS integrates AI into its teaching methods\">\n\t\t\t\t\t\t\t<img decoding=\"async\" width=\"2560\" height=\"1707\" src=\"https:\/\/isal-paris.com\/wp-content\/uploads\/2025\/10\/pexels-thisisengineering-3861969-scaled.jpg\" class=\"attachment-full size-full wp-post-image\" alt=\"\" srcset=\"https:\/\/isal-paris.com\/wp-content\/uploads\/2025\/10\/pexels-thisisengineering-3861969-200x133.jpg 200w, https:\/\/isal-paris.com\/wp-content\/uploads\/2025\/10\/pexels-thisisengineering-3861969-400x267.jpg 400w, https:\/\/isal-paris.com\/wp-content\/uploads\/2025\/10\/pexels-thisisengineering-3861969-600x400.jpg 600w, https:\/\/isal-paris.com\/wp-content\/uploads\/2025\/10\/pexels-thisisengineering-3861969-800x534.jpg 800w, https:\/\/isal-paris.com\/wp-content\/uploads\/2025\/10\/pexels-thisisengineering-3861969-1200x800.jpg 1200w, https:\/\/isal-paris.com\/wp-content\/uploads\/2025\/10\/pexels-thisisengineering-3861969-scaled.jpg 2560w\" sizes=\"(min-width: 2200px) 100vw, (min-width: 712px) 580px, (min-width: 640px) 712px, \" \/>\t\t\t<\/a>\n\t\t\t\t\t\t\t<\/div>\n<\/li>\n\t\t\t\n\t\t\t\n\t\t\t\t\t\t\t\t\t\t\t\t\t\t\t\t\t\t\t\t\t\t\t\t\t\t\t\t\t\t\t\t\t\t\t\t\t\t\t\t\t\t\t\t\t\t\t\t\t\t\t\t\t\t\t\t\t\t\t\t\t\t\t\t\t\t\t\t<\/ul>\n\t<\/div>\n\t<div class=\"fusion-post-content-wrapper\" style=\"padding:30px 25px 20px 25px;\"><div class=\"fusion-post-content post-content\"><h2 class=\"blog-shortcode-post-title\"><a href=\"https:\/\/isal-paris.com\/en\/comment-isal-paris-integre-lia-dans-sa-pedagogie\/\">How ISAL PARIS integrates AI into its teaching methods<\/a><\/h2><p class=\"fusion-single-line-meta\">By <span><a href=\"https:\/\/isal-paris.com\/en\/author\/web_editor\/\" title=\"Posts by Camila GALVIS\" rel=\"author\">Camila GALVIS<\/a><\/span><span class=\"fusion-inline-sep\">|<\/span><span>October 7th, 2025<\/span><span class=\"fusion-inline-sep\">|<\/span>Categories: <a href=\"https:\/\/isal-paris.com\/en\/category\/tendances-mode-et-luxe\/\" rel=\"category tag\">Fashion and luxury trends<\/a><span class=\"fusion-inline-sep\">|<\/span><\/p><div class=\"fusion-content-sep sep-double sep-solid\"><\/div><div class=\"fusion-post-content-container\"><p> Comment ISAL PARIS int\u00e8gre l\u2019IA dans sa p\u00e9dagogie : la mode se r\u00e9invente au contact de la technologie  L\u2019IA dans la mode transforme en profondeur...<\/p><\/div><\/div><div class=\"fusion-meta-info\"><div class=\"fusion-alignleft\"><a class=\"fusion-read-more\" href=\"https:\/\/isal-paris.com\/en\/comment-isal-paris-integre-lia-dans-sa-pedagogie\/\" aria-label=\"More on Comment ISAL PARIS int\u00e8gre l\u2019IA dans sa p\u00e9dagogie\">Read More<\/a><\/div><div class=\"fusion-alignright\"><span>Comments Off<span class=\"screen-reader-text\"> on Comment ISAL PARIS int\u00e8gre l\u2019IA dans sa p\u00e9dagogie<\/span><\/span><\/div><\/div><\/div><div class=\"fusion-clearfix\"><\/div><\/div>\n<\/article>\n<article id=\"blog-1-post-14908\" class=\"fusion-post-grid post-14908 post type-post status-publish format-standard has-post-thumbnail hentry category-tendances-mode-et-luxe\">\n<div class=\"fusion-post-wrapper\" style=\"background-color:var(--awb-custom_color_2);border:1px solid var(--awb-color4);border-bottom-width:3px;\">\n\n\t\t\t<div class=\"fusion-flexslider flexslider fusion-flexslider-loading fusion-post-slideshow\" style=\"border-color:var(--awb-color4);\">\n\t\t<ul class=\"slides\">\n\t\t\t\n\t\t\t\t\t\t\t\t\t\t\t\t\t\t<li><div  class=\"fusion-image-wrapper\" aria-haspopup=\"true\">\n\t\t\t\t\t\t\t<a href=\"https:\/\/isal-paris.com\/en\/intelligence-artificielle-mode-luxe\/\" aria-label=\"Artificial Intelligence for Fashion &amp; Luxury\">\n\t\t\t\t\t\t\t<img decoding=\"async\" width=\"2560\" height=\"1707\" src=\"https:\/\/isal-paris.com\/wp-content\/uploads\/2025\/09\/pexels-michelangelo-buonarroti-8728556-scaled.jpg\" class=\"attachment-full size-full wp-post-image\" alt=\"IA Fashion &amp; Luxury\" srcset=\"https:\/\/isal-paris.com\/wp-content\/uploads\/2025\/09\/pexels-michelangelo-buonarroti-8728556-200x133.jpg 200w, https:\/\/isal-paris.com\/wp-content\/uploads\/2025\/09\/pexels-michelangelo-buonarroti-8728556-400x267.jpg 400w, https:\/\/isal-paris.com\/wp-content\/uploads\/2025\/09\/pexels-michelangelo-buonarroti-8728556-600x400.jpg 600w, https:\/\/isal-paris.com\/wp-content\/uploads\/2025\/09\/pexels-michelangelo-buonarroti-8728556-800x533.jpg 800w, https:\/\/isal-paris.com\/wp-content\/uploads\/2025\/09\/pexels-michelangelo-buonarroti-8728556-1200x800.jpg 1200w, https:\/\/isal-paris.com\/wp-content\/uploads\/2025\/09\/pexels-michelangelo-buonarroti-8728556-scaled.jpg 2560w\" sizes=\"(min-width: 2200px) 100vw, (min-width: 712px) 580px, (min-width: 640px) 712px, \" \/>\t\t\t<\/a>\n\t\t\t\t\t\t\t<\/div>\n<\/li>\n\t\t\t\n\t\t\t\n\t\t\t\t\t\t\t\t\t\t\t\t\t\t\t\t\t\t\t\t\t\t\t\t\t\t\t\t\t\t\t\t\t\t\t\t\t\t\t\t\t\t\t\t\t\t\t\t\t\t\t\t\t\t\t\t\t\t\t\t\t\t\t\t\t\t\t\t<\/ul>\n\t<\/div>\n\t<div class=\"fusion-post-content-wrapper\" style=\"padding:30px 25px 20px 25px;\"><div class=\"fusion-post-content post-content\"><h2 class=\"blog-shortcode-post-title\"><a href=\"https:\/\/isal-paris.com\/en\/intelligence-artificielle-mode-luxe\/\">Artificial Intelligence for Fashion &amp; Luxury<\/a><\/h2><p class=\"fusion-single-line-meta\">By <span><a href=\"https:\/\/isal-paris.com\/en\/author\/web_editor\/\" title=\"Posts by Camila GALVIS\" rel=\"author\">Camila GALVIS<\/a><\/span><span class=\"fusion-inline-sep\">|<\/span><span>September 30th, 2025<\/span><span class=\"fusion-inline-sep\">|<\/span>Categories: <a href=\"https:\/\/isal-paris.com\/en\/category\/tendances-mode-et-luxe\/\" rel=\"category tag\">Fashion and luxury trends<\/a><span class=\"fusion-inline-sep\">|<\/span><\/p><div class=\"fusion-content-sep sep-double sep-solid\"><\/div><div class=\"fusion-post-content-container\"><p> L\u2019intelligence artificielle dans la mode et le luxe : comment l\u2019IA red\u00e9finit la cr\u00e9ation et la formation  L\u2019intelligence artificielle (IA) s\u2019impose aujourd\u2019hui comme un levier...<\/p><\/div><\/div><div class=\"fusion-meta-info\"><div class=\"fusion-alignleft\"><a class=\"fusion-read-more\" href=\"https:\/\/isal-paris.com\/en\/intelligence-artificielle-mode-luxe\/\" aria-label=\"More on Intelligence Artificielle de la Mode &#038; le Luxe\">Read More<\/a><\/div><div class=\"fusion-alignright\"><span>Comments Off<span class=\"screen-reader-text\"> on Intelligence Artificielle de la Mode &#038; le Luxe<\/span><\/span><\/div><\/div><\/div><div class=\"fusion-clearfix\"><\/div><\/div>\n<\/article>\n<div class=\"fusion-clearfix\"><\/div><\/div><\/div><\/div><\/div><\/div><\/div>\n<\/p>","protected":false},"excerpt":{"rendered":"<p>yes<\/p>","protected":false},"author":1,"featured_media":0,"parent":0,"menu_order":0,"comment_status":"closed","ping_status":"closed","template":"100-width.php","meta":{"_acf_changed":false,"footnotes":""},"class_list":["post-1315","page","type-page","status-publish","hentry"],"acf":[],"_links":{"self":[{"href":"https:\/\/isal-paris.com\/en\/wp-json\/wp\/v2\/pages\/1315","targetHints":{"allow":["GET"]}}],"collection":[{"href":"https:\/\/isal-paris.com\/en\/wp-json\/wp\/v2\/pages"}],"about":[{"href":"https:\/\/isal-paris.com\/en\/wp-json\/wp\/v2\/types\/page"}],"author":[{"embeddable":true,"href":"https:\/\/isal-paris.com\/en\/wp-json\/wp\/v2\/users\/1"}],"replies":[{"embeddable":true,"href":"https:\/\/isal-paris.com\/en\/wp-json\/wp\/v2\/comments?post=1315"}],"version-history":[{"count":0,"href":"https:\/\/isal-paris.com\/en\/wp-json\/wp\/v2\/pages\/1315\/revisions"}],"wp:attachment":[{"href":"https:\/\/isal-paris.com\/en\/wp-json\/wp\/v2\/media?parent=1315"}],"curies":[{"name":"wp","href":"https:\/\/api.w.org\/{rel}","templated":true}]}}