{"id":1986,"date":"2018-03-08T19:01:14","date_gmt":"2018-03-08T18:01:14","guid":{"rendered":"https:\/\/isal-paris.com\/?page_id=1986"},"modified":"2026-02-04T15:07:31","modified_gmt":"2026-02-04T14:07:31","slug":"our-premises","status":"publish","type":"page","link":"https:\/\/isal-paris.com\/en\/nos-locaux\/","title":{"rendered":"Visit our premises"},"content":{"rendered":"<p><div class=\"fusion-fullwidth fullwidth-box fusion-builder-row-1 fusion-flex-container nonhundred-percent-fullwidth non-hundred-percent-height-scrolling\" style=\"--awb-border-radius-top-left:0px;--awb-border-radius-top-right:0px;--awb-border-radius-bottom-right:0px;--awb-border-radius-bottom-left:0px;--awb-padding-top:20px;--awb-padding-bottom:0px;--awb-flex-wrap:wrap;\" ><div class=\"fusion-builder-row fusion-row fusion-flex-align-items-flex-start fusion-flex-content-wrap\" style=\"max-width:1248px;margin-left: calc(-4% \/ 2 );margin-right: calc(-4% \/ 2 );\"><div class=\"fusion-layout-column fusion_builder_column fusion-builder-column-0 fusion_builder_column_1_1 1_1 fusion-flex-column\" style=\"--awb-bg-blend:overlay;--awb-bg-size:cover;--awb-width-large:100%;--awb-margin-top-large:25px;--awb-spacing-right-large:1.92%;--awb-margin-bottom-large:0px;--awb-spacing-left-large:1.92%;--awb-width-medium:100%;--awb-spacing-right-medium:1.92%;--awb-spacing-left-medium:1.92%;--awb-width-small:100%;--awb-spacing-right-small:1.92%;--awb-spacing-left-small:1.92%;\"><div class=\"fusion-column-wrapper fusion-flex-justify-content-flex-start fusion-content-layout-column\"><div class=\"fusion-text fusion-text-1\"><h1 style=\"text-align: center;\">Un environnement artistique inspirant : D\u00e9couvrez nos locaux<\/h1>\n<p><span style=\"font-weight: 400;\">Nich\u00e9e au c\u0153ur du quartier artistique de Montmartre, l\u2019\u00e9cole ISAL PARIS offre un environnement inspirant et cr\u00e9atif \u00e0 ses \u00e9tudiants.<\/span><\/p>\n<p><span style=\"font-weight: 400;\">Un espace convivial et ouvert o\u00f9 les \u00e9tudiants peuvent se retrouver et \u00e9changer. Notre environnement encourageant favorise les interactions sociales et la cr\u00e9ation de liens entre les \u00e9tudiants. Que ce soit dans nos espaces communs, tels que les salles de d\u00e9tente ou la caf\u00e9t\u00e9ria, ou lors d\u2019\u00e9v\u00e9nements organis\u00e9s par l\u2019\u00e9cole, les \u00e9tudiants peuvent partager leurs id\u00e9es, collaborer et construire des amiti\u00e9s durables.\u00a0<\/span><\/p>\n<p><span style=\"font-weight: 400;\">Nos salles de cours spacieuses sont con\u00e7ues pour favoriser l\u2019apprentissage interactif et la collaboration entre les \u00e9tudiants. Chaque salle est \u00e9quip\u00e9e de mat\u00e9riels modernes et adapt\u00e9s aux besoins de chaque discipline enseign\u00e9e. Que ce soit pour les cours pratiques ou th\u00e9oriques, nos locaux sont con\u00e7us pour encourager la cr\u00e9ativit\u00e9 et le d\u00e9veloppement des comp\u00e9tences.<\/span><\/p>\n<p><span style=\"font-weight: 400;\">L\u2019atelier de l\u2019\u00e9cole est un espace d\u00e9di\u00e9 \u00e0 la confection et \u00e0 l\u2019exp\u00e9rimentation textile. Les \u00e9tudiants ont acc\u00e8s \u00e0 une large gamme d\u2019\u00e9quipements professionnels, tels que des machines \u00e0 coudre, des outils de mod\u00e9lisme et des mat\u00e9riaux vari\u00e9s, pour r\u00e9aliser leurs projets et donner vie \u00e0 leurs id\u00e9es.<\/span><\/p>\n<p><span style=\"font-weight: 400;\">La tissuth\u00e8que, offrant une vaste s\u00e9lection de tissus \u00e0 disposition de nos \u00e9tudiants. Cette ressource essentielle, situ\u00e9e au sein de nos locaux, propose une grande vari\u00e9t\u00e9 de textures, de couleurs et de motifs. Les \u00e9tudiants peuvent explorer, exp\u00e9rimenter et trouver l\u2019inspiration parmi cette collection diversifi\u00e9e pour leurs projets de couture et de design textile. Cette vision applicative permet \u00e0 nos \u00e9tudiants d\u2019appr\u00e9hender r\u00e9ellement les enjeux des produits et offre une sp\u00e9cialisation de terrain.\u00a0<\/span><\/p>\n<p><span style=\"font-weight: 400;\">Un studio photo \u00e9quip\u00e9 est \u00e9galement disponible, permettant aux \u00e9tudiants de d\u00e9velopper leurs comp\u00e9tences en photographie et de r\u00e9aliser des projets visuels. Cet espace polyvalent est id\u00e9al pour les s\u00e9ances de shooting, les mises en sc\u00e8ne artistiques et l\u2019exploration de techniques photographiques.<\/span><\/p>\n<p><span style=\"font-weight: 400;\">Le campus propose \u00e9galement un showroom o\u00f9 les \u00e9tudiants peuvent exposer leurs cr\u00e9ations et partager leurs travaux avec le public. Cet espace met en valeur le talent et l\u2019originalit\u00e9 de nos \u00e9tudiants, offrant une vitrine unique pour leur travail.<\/span><\/p>\n<p><span style=\"font-weight: 400;\">Enfin, nos \u00e9tudiants peuvent profiter d\u2019une terrasse et d\u2019un jardin ext\u00e9rieur accueillant, o\u00f9 ils peuvent se d\u00e9tendre, \u00e9changer des id\u00e9es et trouver l\u2019inspiration. Cette oasis en plein air est un lieu de rencontre et de cr\u00e9ativit\u00e9, offrant un espace propice \u00e0 la r\u00e9flexion et \u00e0 l\u2019\u00e9change d\u2019id\u00e9es.<\/span><\/p>\n<p><span style=\"font-weight: 400;\">Nos locaux, bien plus qu\u2019un simple espace d\u2019apprentissage, sont con\u00e7us pour stimuler l\u2019imagination, favoriser l\u2019expression artistique et encourager les \u00e9tudiants \u00e0 repousser les limites.<\/span><\/p>\n<\/div><div class=\"awb-gallery-wrapper awb-gallery-wrapper-1 button-span-no\" style=\"--more-btn-alignment:center;\"><div style=\"margin:-5px;--awb-bordersize:0px;\" class=\"fusion-gallery fusion-gallery-container fusion-grid-6 fusion-columns-total-6 fusion-gallery-layout-grid fusion-gallery-1\"><div style=\"padding:5px;\" class=\"fusion-grid-column fusion-gallery-column fusion-gallery-column-6 hover-type-none\"><div class=\"fusion-gallery-image\"><a href=\"https:\/\/isal-paris.com\/wp-content\/uploads\/2023\/06\/ISAL_310523-11.jpg\" rel=\"noreferrer\" data-rel=\"iLightbox[gallery_image_1]\" class=\"fusion-lightbox\" target=\"_self\"><img decoding=\"async\" src=\"https:\/\/isal-paris.com\/wp-content\/uploads\/2023\/06\/ISAL_310523-11.jpg\" width=\"2500\" height=\"1667\" alt=\"\" title=\"ISAL_310523-11\" aria-label=\"ISAL_310523-11\" class=\"img-responsive wp-image-10357\" srcset=\"https:\/\/isal-paris.com\/wp-content\/uploads\/2023\/06\/ISAL_310523-11-200x133.jpg 200w, https:\/\/isal-paris.com\/wp-content\/uploads\/2023\/06\/ISAL_310523-11-400x267.jpg 400w, https:\/\/isal-paris.com\/wp-content\/uploads\/2023\/06\/ISAL_310523-11-600x400.jpg 600w, https:\/\/isal-paris.com\/wp-content\/uploads\/2023\/06\/ISAL_310523-11-800x533.jpg 800w, https:\/\/isal-paris.com\/wp-content\/uploads\/2023\/06\/ISAL_310523-11-1200x800.jpg 1200w, https:\/\/isal-paris.com\/wp-content\/uploads\/2023\/06\/ISAL_310523-11.jpg 2500w\" sizes=\"(min-width: 2200px) 100vw, (min-width: 1000px) 196px, (min-width: 928px) 235px, (min-width: 856px) 294px, (min-width: 784px) 392px, (min-width: 712px) 588px, (min-width: 640px) 712px, \" \/><\/a><\/div><\/div><div style=\"padding:5px;\" class=\"fusion-grid-column fusion-gallery-column fusion-gallery-column-6 hover-type-none\"><div class=\"fusion-gallery-image\"><a href=\"https:\/\/isal-paris.com\/wp-content\/uploads\/2023\/06\/ISAL_310523-92.jpg\" rel=\"noreferrer\" data-rel=\"iLightbox[gallery_image_1]\" class=\"fusion-lightbox\" target=\"_self\"><img decoding=\"async\" src=\"https:\/\/isal-paris.com\/wp-content\/uploads\/2023\/06\/ISAL_310523-92.jpg\" width=\"2500\" height=\"1667\" alt=\"\" title=\"ISAL_310523-92\" aria-label=\"ISAL_310523-92\" class=\"img-responsive wp-image-10345\" srcset=\"https:\/\/isal-paris.com\/wp-content\/uploads\/2023\/06\/ISAL_310523-92-200x133.jpg 200w, https:\/\/isal-paris.com\/wp-content\/uploads\/2023\/06\/ISAL_310523-92-400x267.jpg 400w, https:\/\/isal-paris.com\/wp-content\/uploads\/2023\/06\/ISAL_310523-92-600x400.jpg 600w, https:\/\/isal-paris.com\/wp-content\/uploads\/2023\/06\/ISAL_310523-92-800x533.jpg 800w, https:\/\/isal-paris.com\/wp-content\/uploads\/2023\/06\/ISAL_310523-92-1200x800.jpg 1200w, https:\/\/isal-paris.com\/wp-content\/uploads\/2023\/06\/ISAL_310523-92.jpg 2500w\" sizes=\"(min-width: 2200px) 100vw, (min-width: 1000px) 196px, (min-width: 928px) 235px, (min-width: 856px) 294px, (min-width: 784px) 392px, (min-width: 712px) 588px, (min-width: 640px) 712px, \" \/><\/a><\/div><\/div><div style=\"padding:5px;\" class=\"fusion-grid-column fusion-gallery-column fusion-gallery-column-6 hover-type-none\"><div class=\"fusion-gallery-image\"><a href=\"https:\/\/isal-paris.com\/wp-content\/uploads\/2023\/06\/ISAL_310523-21.jpg\" rel=\"noreferrer\" data-rel=\"iLightbox[gallery_image_1]\" class=\"fusion-lightbox\" target=\"_self\"><img decoding=\"async\" src=\"https:\/\/isal-paris.com\/wp-content\/uploads\/2023\/06\/ISAL_310523-21.jpg\" width=\"2500\" height=\"1667\" alt=\"\" title=\"ISAL_310523-21\" aria-label=\"ISAL_310523-21\" class=\"img-responsive wp-image-10367\" srcset=\"https:\/\/isal-paris.com\/wp-content\/uploads\/2023\/06\/ISAL_310523-21-200x133.jpg 200w, https:\/\/isal-paris.com\/wp-content\/uploads\/2023\/06\/ISAL_310523-21-400x267.jpg 400w, https:\/\/isal-paris.com\/wp-content\/uploads\/2023\/06\/ISAL_310523-21-600x400.jpg 600w, https:\/\/isal-paris.com\/wp-content\/uploads\/2023\/06\/ISAL_310523-21-800x533.jpg 800w, https:\/\/isal-paris.com\/wp-content\/uploads\/2023\/06\/ISAL_310523-21-1200x800.jpg 1200w, https:\/\/isal-paris.com\/wp-content\/uploads\/2023\/06\/ISAL_310523-21.jpg 2500w\" sizes=\"(min-width: 2200px) 100vw, (min-width: 1000px) 196px, (min-width: 928px) 235px, (min-width: 856px) 294px, (min-width: 784px) 392px, (min-width: 712px) 588px, (min-width: 640px) 712px, \" \/><\/a><\/div><\/div><div style=\"padding:5px;\" class=\"fusion-grid-column fusion-gallery-column fusion-gallery-column-6 hover-type-none\"><div class=\"fusion-gallery-image\"><a href=\"https:\/\/isal-paris.com\/wp-content\/uploads\/2023\/06\/ISAL_310523-114.jpg\" rel=\"noreferrer\" data-rel=\"iLightbox[gallery_image_1]\" class=\"fusion-lightbox\" target=\"_self\"><img decoding=\"async\" src=\"https:\/\/isal-paris.com\/wp-content\/uploads\/2023\/06\/ISAL_310523-114.jpg\" width=\"2500\" height=\"1667\" alt=\"\" title=\"ISAL_310523-114\" aria-label=\"ISAL_310523-114\" class=\"img-responsive wp-image-10391\" srcset=\"https:\/\/isal-paris.com\/wp-content\/uploads\/2023\/06\/ISAL_310523-114-200x133.jpg 200w, https:\/\/isal-paris.com\/wp-content\/uploads\/2023\/06\/ISAL_310523-114-400x267.jpg 400w, https:\/\/isal-paris.com\/wp-content\/uploads\/2023\/06\/ISAL_310523-114-600x400.jpg 600w, https:\/\/isal-paris.com\/wp-content\/uploads\/2023\/06\/ISAL_310523-114-800x533.jpg 800w, https:\/\/isal-paris.com\/wp-content\/uploads\/2023\/06\/ISAL_310523-114-1200x800.jpg 1200w, https:\/\/isal-paris.com\/wp-content\/uploads\/2023\/06\/ISAL_310523-114.jpg 2500w\" sizes=\"(min-width: 2200px) 100vw, (min-width: 1000px) 196px, (min-width: 928px) 235px, (min-width: 856px) 294px, (min-width: 784px) 392px, (min-width: 712px) 588px, (min-width: 640px) 712px, \" \/><\/a><\/div><\/div><div style=\"padding:5px;\" class=\"fusion-grid-column fusion-gallery-column fusion-gallery-column-6 hover-type-none\"><div class=\"fusion-gallery-image\"><a href=\"https:\/\/isal-paris.com\/wp-content\/uploads\/2023\/06\/ISAL_310523-61.jpg\" rel=\"noreferrer\" data-rel=\"iLightbox[gallery_image_1]\" class=\"fusion-lightbox\" target=\"_self\"><img decoding=\"async\" src=\"https:\/\/isal-paris.com\/wp-content\/uploads\/2023\/06\/ISAL_310523-61.jpg\" width=\"2500\" height=\"1667\" alt=\"\" title=\"ISAL_310523-61\" aria-label=\"ISAL_310523-61\" class=\"img-responsive wp-image-10379\" srcset=\"https:\/\/isal-paris.com\/wp-content\/uploads\/2023\/06\/ISAL_310523-61-200x133.jpg 200w, https:\/\/isal-paris.com\/wp-content\/uploads\/2023\/06\/ISAL_310523-61-400x267.jpg 400w, https:\/\/isal-paris.com\/wp-content\/uploads\/2023\/06\/ISAL_310523-61-600x400.jpg 600w, https:\/\/isal-paris.com\/wp-content\/uploads\/2023\/06\/ISAL_310523-61-800x533.jpg 800w, https:\/\/isal-paris.com\/wp-content\/uploads\/2023\/06\/ISAL_310523-61-1200x800.jpg 1200w, https:\/\/isal-paris.com\/wp-content\/uploads\/2023\/06\/ISAL_310523-61.jpg 2500w\" sizes=\"(min-width: 2200px) 100vw, (min-width: 1000px) 196px, (min-width: 928px) 235px, (min-width: 856px) 294px, (min-width: 784px) 392px, (min-width: 712px) 588px, (min-width: 640px) 712px, \" \/><\/a><\/div><\/div><div style=\"padding:5px;\" class=\"fusion-grid-column fusion-gallery-column fusion-gallery-column-6 hover-type-none\"><div class=\"fusion-gallery-image\"><a href=\"https:\/\/isal-paris.com\/wp-content\/uploads\/2023\/06\/ISAL_310523-12.jpg\" rel=\"noreferrer\" data-rel=\"iLightbox[gallery_image_1]\" class=\"fusion-lightbox\" target=\"_self\"><img decoding=\"async\" src=\"https:\/\/isal-paris.com\/wp-content\/uploads\/2023\/06\/ISAL_310523-12.jpg\" width=\"2500\" height=\"1667\" alt=\"\" title=\"ISAL_310523-12\" aria-label=\"ISAL_310523-12\" class=\"img-responsive wp-image-10359\" srcset=\"https:\/\/isal-paris.com\/wp-content\/uploads\/2023\/06\/ISAL_310523-12-200x133.jpg 200w, https:\/\/isal-paris.com\/wp-content\/uploads\/2023\/06\/ISAL_310523-12-400x267.jpg 400w, https:\/\/isal-paris.com\/wp-content\/uploads\/2023\/06\/ISAL_310523-12-600x400.jpg 600w, https:\/\/isal-paris.com\/wp-content\/uploads\/2023\/06\/ISAL_310523-12-800x533.jpg 800w, https:\/\/isal-paris.com\/wp-content\/uploads\/2023\/06\/ISAL_310523-12-1200x800.jpg 1200w, https:\/\/isal-paris.com\/wp-content\/uploads\/2023\/06\/ISAL_310523-12.jpg 2500w\" sizes=\"(min-width: 2200px) 100vw, (min-width: 1000px) 196px, (min-width: 928px) 235px, (min-width: 856px) 294px, (min-width: 784px) 392px, (min-width: 712px) 588px, (min-width: 640px) 712px, \" \/><\/a><\/div><\/div><div class=\"clearfix\"><\/div><\/div><\/div><\/div><\/div><\/div><\/div><div class=\"fusion-fullwidth fullwidth-box fusion-builder-row-2 fusion-flex-container has-pattern-background has-mask-background nonhundred-percent-fullwidth non-hundred-percent-height-scrolling\" style=\"--awb-border-radius-top-left:0px;--awb-border-radius-top-right:0px;--awb-border-radius-bottom-right:0px;--awb-border-radius-bottom-left:0px;--awb-flex-wrap:wrap;\" ><div class=\"fusion-builder-row fusion-row fusion-flex-align-items-flex-start fusion-flex-content-wrap\" style=\"max-width:1248px;margin-left: calc(-4% \/ 2 );margin-right: calc(-4% \/ 2 );\"><div class=\"fusion-layout-column fusion_builder_column fusion-builder-column-1 fusion_builder_column_1_1 1_1 fusion-flex-column\" style=\"--awb-padding-top:73px;--awb-bg-size:cover;--awb-width-large:100%;--awb-margin-top-large:0px;--awb-spacing-right-large:1.92%;--awb-margin-bottom-large:0px;--awb-spacing-left-large:1.92%;--awb-width-medium:100%;--awb-order-medium:0;--awb-spacing-right-medium:1.92%;--awb-spacing-left-medium:1.92%;--awb-width-small:100%;--awb-order-small:0;--awb-spacing-right-small:1.92%;--awb-spacing-left-small:1.92%;\"><div class=\"fusion-column-wrapper fusion-column-has-shadow fusion-flex-justify-content-flex-start fusion-content-layout-column\"><div class=\"fusion-text fusion-text-2\"><h2><b>Accessibilit\u00e9 des locaux<\/b><\/h2>\n<p><span style=\"font-weight: 400;\">Nous sommes fiers de vous accueillir dans un environnement chaleureux et accessible \u00e0 tous, y compris aux personnes en situation de handicap (PSH). Nous avons veill\u00e9 \u00e0 mettre en place des conditions d\u2019accessibilit\u00e9 optimales afin que chacun puisse profiter pleinement de notre \u00e9tablissement.<\/span><\/p>\n<p><span style=\"font-weight: 400;\">L\u2019un des aspects essentiels de notre \u00e9cole est sa configuration spatiale. Situ\u00e9s au rez-de-chauss\u00e9e et de plain-pied, nos locaux offrent un acc\u00e8s facile et pratique \u00e0 tous les visiteurs. D\u00e8s votre arriv\u00e9e, vous remarquerez que nous avons install\u00e9 une rampe d\u2019acc\u00e8s\u00a0 pour \u00e9viter les petites marches \u00e0 l\u2019entr\u00e9e. Cette rampe a \u00e9t\u00e9 con\u00e7ue pour assurer la s\u00e9curit\u00e9 de d\u00e9placement \u00e0 tous.<\/span><\/p>\n<p><span style=\"font-weight: 400;\">Nous avons \u00e9galement pris en compte les besoins sp\u00e9cifiques en termes d\u2019hygi\u00e8ne et de confort. Nos toilettes sont conformes aux normes handicap\u00e9s et garantissent une accessibilit\u00e9 sans entrave aux fauteuils en particulier.<\/span><\/p>\n<p><span style=\"font-weight: 400;\">Dans nos salles de classe et nos ateliers, nous avons veill\u00e9 \u00e0 ce que chaque espace soit adapt\u00e9 aux besoins des personnes. Nous disposons de tables \u00e0 hauteur ajustable, permettant ainsi une utilisation confortable pour tous.<\/span><\/p>\n<p><span style=\"font-weight: 400;\">Nous nous effor\u00e7ons de cr\u00e9er un environnement dans lequel chacun se sent accueilli et respect\u00e9. En mettant en place des conditions d\u2019accessibilit\u00e9 adapt\u00e9es, nous favorisons l\u2019\u00e9panouissement de tous nos \u00e9tudiants, et nous leur permettons d\u2019exprimer leur cr\u00e9ativit\u00e9 et r\u00e9aliser leur potentiel sans entrave.<\/span><\/p>\n<\/div><\/div><\/div><\/div><\/div><\/p>\n\n\n","protected":false},"excerpt":{"rendered":"","protected":false},"author":1,"featured_media":10393,"parent":0,"menu_order":0,"comment_status":"closed","ping_status":"closed","template":"100-width.php","meta":{"_acf_changed":false,"footnotes":""},"class_list":["post-1986","page","type-page","status-publish","has-post-thumbnail","hentry"],"acf":[],"_links":{"self":[{"href":"https:\/\/isal-paris.com\/en\/wp-json\/wp\/v2\/pages\/1986","targetHints":{"allow":["GET"]}}],"collection":[{"href":"https:\/\/isal-paris.com\/en\/wp-json\/wp\/v2\/pages"}],"about":[{"href":"https:\/\/isal-paris.com\/en\/wp-json\/wp\/v2\/types\/page"}],"author":[{"embeddable":true,"href":"https:\/\/isal-paris.com\/en\/wp-json\/wp\/v2\/users\/1"}],"replies":[{"embeddable":true,"href":"https:\/\/isal-paris.com\/en\/wp-json\/wp\/v2\/comments?post=1986"}],"version-history":[{"count":3,"href":"https:\/\/isal-paris.com\/en\/wp-json\/wp\/v2\/pages\/1986\/revisions"}],"predecessor-version":[{"id":15903,"href":"https:\/\/isal-paris.com\/en\/wp-json\/wp\/v2\/pages\/1986\/revisions\/15903"}],"wp:featuredmedia":[{"embeddable":true,"href":"https:\/\/isal-paris.com\/en\/wp-json\/wp\/v2\/media\/10393"}],"wp:attachment":[{"href":"https:\/\/isal-paris.com\/en\/wp-json\/wp\/v2\/media?parent=1986"}],"curies":[{"name":"wp","href":"https:\/\/api.w.org\/{rel}","templated":true}]}}