{"id":2334,"date":"2018-04-03T18:43:54","date_gmt":"2018-04-03T16:43:54","guid":{"rendered":"https:\/\/isal-paris.com\/?page_id=2334"},"modified":"2026-03-06T13:51:28","modified_gmt":"2026-03-06T12:51:28","slug":"we-put-our-expertise-at-your-service","status":"publish","type":"page","link":"https:\/\/isal-paris.com\/en\/nous-mettons-nos-conseils-a-votre-service\/","title":{"rendered":"Board"},"content":{"rendered":"<p><div class=\"fusion-fullwidth fullwidth-box fusion-builder-row-1 fusion-flex-container nonhundred-percent-fullwidth non-hundred-percent-height-scrolling\" style=\"--awb-border-radius-top-left:0px;--awb-border-radius-top-right:0px;--awb-border-radius-bottom-right:0px;--awb-border-radius-bottom-left:0px;--awb-padding-top:20px;--awb-padding-bottom:20px;--awb-flex-wrap:wrap;\" ><div class=\"fusion-builder-row fusion-row fusion-flex-align-items-flex-start fusion-flex-content-wrap\" style=\"max-width:calc( 1200px + 0px );margin-left: calc(-0px \/ 2 );margin-right: calc(-0px \/ 2 );\"><div class=\"fusion-layout-column fusion_builder_column fusion-builder-column-0 fusion_builder_column_1_1 1_1 fusion-flex-column\" style=\"--awb-bg-blend:overlay;--awb-bg-size:cover;--awb-width-large:100%;--awb-margin-top-large:0px;--awb-spacing-right-large:0px;--awb-margin-bottom-large:0px;--awb-spacing-left-large:0px;--awb-width-medium:100%;--awb-spacing-right-medium:0px;--awb-spacing-left-medium:0px;--awb-width-small:100%;--awb-spacing-right-small:0px;--awb-spacing-left-small:0px;\"><div class=\"fusion-column-wrapper fusion-flex-justify-content-flex-start fusion-content-layout-column\"><div class=\"fusion-text fusion-text-1\"><h1 style=\"text-align: center;\">Expert advice for fashion and ready-to-wear companies.<\/h1>\n<p>Whether you're a Chinese company looking to conquer the French market, or a Parisian designer looking for opportunities in the Chinese market, we've got plenty of advice to help you develop your export or sourcing project successfully.<\/p>\n<\/div><div class=\"fusion-title title fusion-title-1 fusion-title-center fusion-title-text fusion-title-size-two\" style=\"--awb-margin-top:55px;--awb-margin-bottom:55px;--awb-margin-top-small:0px;--awb-margin-right-small:0px;--awb-margin-bottom-small:20px;--awb-margin-left-small:0px;--awb-sep-color:#000000;\"><div class=\"title-sep-container title-sep-container-left\"><div class=\"title-sep sep-single sep-solid\" style=\"border-color:#000000;\"><\/div><\/div><span class=\"awb-title-spacer\"><\/span><h2 class=\"fusion-title-heading title-heading-center fusion-responsive-typography-calculated\" style=\"margin:0;--fontSize:22;--minFontSize:22;line-height:1.5;\"><b><\/b><\/p>\n<p>\t\t\tBureau de style - Study trips<\/p>\n<p><\/h2><span class=\"awb-title-spacer\"><\/span><div class=\"title-sep-container title-sep-container-right\"><div class=\"title-sep sep-single sep-solid\" style=\"border-color:#000000;\"><\/div><\/div><\/div><div class=\"fusion-text fusion-text-2\"><h3 data-fontsize=\"25\" data-lineheight=\"37.5px\" class=\"fusion-responsive-typography-calculated\" style=\"--fontSize: 25; line-height: 1.5; --minFontSize: 25;\"><strong>ISAL LABEL, un bureau de style visionnaire et de conseils<\/strong><\/h3>\n<p><span style=\"letter-spacing: 0.27px; background-color: rgba(0, 0, 0, 0);\">Structure partenaire de ISAL PARIS, ISAL LABEL est le premier Fashion Lab \u00e0 faire le lien entre la France et la Chine dans le secteur de la Mode et du pr\u00eat-\u00e0-porter. En plus de proposer les formations certifiantes d\u2019ISAL PARIS pour tous les m\u00e9tiers de la Mode, <\/span><strong style=\"letter-spacing: 0.27px; background-color: rgba(0, 0, 0, 0);\">les professionnels associ\u00e9s \u00e0 ISAL PARIS et \u00e0 ISAL LABEL mettent leur expertise au service des entreprises<\/strong><span style=\"letter-spacing: 0.27px; background-color: rgba(0, 0, 0, 0);\">. Whether you have a development or sourcing project to submit to us, we'll work alongside you to draw up the most appropriate action plan.<\/span><\/p>\n<p>With this collaborative approach in mind, we set up our own design office. Thanks to a research structure that anticipates trends in the Chinese and French markets, we stay one step ahead of the competition. Depending on your positioning, we can show you the way to reach your target clientele. We base our advice on concrete analyses carried out by seasoned professionals, so that we can offer companies ever more relevant solutions. We keep abreast of trends so that we're always at the forefront, according to market needs and specifics.<\/p>\n<p>Une phase de recherche, d\u2019\u00e9tude approfondie et d\u2019apprentissage est indispensable pour la majeure partie des entreprises qui veulent s\u2019\u00e9tablir \u00e0 l\u2019\u00e9tranger sur le long terme. Toutes les informations vous seront utiles pour vous imposer sur un march\u00e9 toujours plus concurrentiel. Tournez-vous vers ISAL PARIS pour des analyses et des conseils sur-mesure pour votre marque de pr\u00eat-\u00e0-porter haut de gamme.<\/p>\n<h3 data-fontsize=\"25\" data-lineheight=\"37.5px\" class=\"fusion-responsive-typography-calculated\" style=\"--fontSize: 25; line-height: 1.5; --minFontSize: 25;\"><\/h3>\n<h3 data-fontsize=\"25\" data-lineheight=\"37.5px\" class=\"fusion-responsive-typography-calculated\" style=\"--fontSize: 25; line-height: 1.5; --minFontSize: 25;\"><strong>Enriching study trips<\/strong><\/h3>\n<p>Au-del\u00e0 de l\u2019expertise du bureau de style, ISAL LABEL avait pour vocation de proposer une exp\u00e9rience immersive aux labels chinois souhaitant s\u2019installer en France. Parce qu\u2019une analyse de march\u00e9 n\u2019est pas toujours suffisante pour avoir toutes les cartes en main, nous voulons aller encore plus loin dans notre d\u00e9marche. Et nous avons commenc\u00e9 \u00e0 organiser <strong>tailor-made study trips<\/strong> to meet the specific needs of our foreign customers.<\/p>\n<p>Forget all your preconceived ideas about Parisian culture and immerse yourself in a modern, avant-garde city. In the French capital, fashion is constantly evolving to offer ever more innovative collections at every fashion week. Beyond this specific sector, Paris is a metropolis deeply attached to contemporary art and popular culture, influences that are very present in the new pr\u00eat-\u00e0-porter guard. By moving alongside Parisians in their daily lives, you'll be able to identify their needs and their different consumption patterns. Information that will prove invaluable when it comes to implementing your development strategy.<\/p>\n<p>\u00c0 ISAL LABEL, nous sommes passionn\u00e9s par les opportunit\u00e9s de ces rencontres entre les entrepreneurs de ces deux cultures. Au d\u00e9part tr\u00e8s \u00e9loign\u00e9s l\u2019un de l\u2019autre, le secteur du pr\u00eat-\u00e0-porter chinois et le secteur du pr\u00eat-\u00e0-porter parisien apprennent \u00e0 se conna\u00eetre autour d\u2019une mode avant-gardiste de premier plan. Pour continuer de tisser des liens solides entre nos deux march\u00e9s aux atouts majeurs et diff\u00e9rents, nous privil\u00e9gions l\u2019\u00e9change culturel sous toutes ses formes. Contactez-nous pour discuter de votre projet et participer \u00e0 notre prochain voyage d\u2019\u00e9tudes.<\/p>\n<\/div><div class=\"fusion-title title fusion-title-2 fusion-title-center fusion-title-text fusion-title-size-two\" style=\"--awb-margin-top:40px;--awb-margin-bottom:40px;--awb-margin-top-small:0px;--awb-margin-right-small:0px;--awb-margin-bottom-small:20px;--awb-margin-left-small:0px;--awb-sep-color:#000000;\"><div class=\"title-sep-container title-sep-container-left\"><div class=\"title-sep sep-single sep-solid\" style=\"border-color:#000000;\"><\/div><\/div><span class=\"awb-title-spacer\"><\/span><h2 class=\"fusion-title-heading title-heading-center fusion-responsive-typography-calculated\" style=\"margin:0;--fontSize:22;--minFontSize:22;line-height:1.5;\"><b><\/b><\/p>\n<p>\t\t\tSetting up in China - Setting up in France<\/p>\n<p><\/h2><span class=\"awb-title-spacer\"><\/span><div class=\"title-sep-container title-sep-container-right\"><div class=\"title-sep sep-single sep-solid\" style=\"border-color:#000000;\"><\/div><\/div><\/div><div class=\"fusion-text fusion-text-3\"><h3 data-fontsize=\"25\" data-lineheight=\"37.5px\" class=\"fusion-responsive-typography-calculated\" style=\"--fontSize: 25; line-height: 1.5; --minFontSize: 25;\"><strong>Setting up in China<\/strong><\/h3>\n<p>Dans le cas sp\u00e9cifique du march\u00e9 chinois, le secteur du haut de gamme est en pleine expansion et de nombreuses opportunit\u00e9s sont \u00e0 saisir pour les soci\u00e9t\u00e9s fran\u00e7aises. Chaque ann\u00e9e 30 millions de chinois suppl\u00e9mentaires rejoignent les classes moyennes, grandes consommatrices de produits de luxe. Des villes comme Beijing, Shanghai et Shenzhen connaissent une augmentation croissante du nombre d\u2019enseignes de luxe. Si vous \u00eates une marque qui souhaite installer son activit\u00e9 en Chine, n\u2019h\u00e9sitez pas \u00e0 prendre contact avec nous pour discuter de votre projet et \u00e9tablir une strat\u00e9gie de d\u00e9veloppement r\u00e9aliste, coh\u00e9rente avec votre positionnement et efficace.<\/p>\n<h3 data-fontsize=\"25\" data-lineheight=\"37.5px\" class=\"fusion-responsive-typography-calculated\" style=\"--fontSize: 25; line-height: 1.5; --minFontSize: 25;\"><\/h3>\n<h3 data-fontsize=\"25\" data-lineheight=\"37.5px\" class=\"fusion-responsive-typography-calculated\" style=\"--fontSize: 25; line-height: 1.5; --minFontSize: 25;\"><strong>Locations in France<\/strong><\/h3>\n<p>Berceau du luxe et de la Haute Couture, la France est et reste le pays de la Mode par excellence. Et pour toutes les entreprises chinoises qui souhaitent s\u2019y implanter, les obstacles \u00e0 franchir sont nombreux et complexes. Vous \u00eates susceptible d\u2019y trouver de nombreux b\u00e9n\u00e9fices directs et indirects, un march\u00e9 particuli\u00e8rement porteur, et vous devrez faire face \u00e0 une concurrence tr\u00e8s forte. Afin de choisir le meilleur plan d\u2019action, envoyez-nous un message et recevez les conseils de nos experts.<\/p>\n<\/div><\/div><\/div><\/div><\/div><div class=\"fusion-fullwidth fullwidth-box fusion-builder-row-2 fusion-flex-container nonhundred-percent-fullwidth non-hundred-percent-height-scrolling\" style=\"--awb-border-radius-top-left:0px;--awb-border-radius-top-right:0px;--awb-border-radius-bottom-right:0px;--awb-border-radius-bottom-left:0px;--awb-padding-top:20px;--awb-padding-bottom:20px;--awb-flex-wrap:wrap;\" ><div class=\"fusion-builder-row fusion-row fusion-flex-align-items-flex-start fusion-flex-content-wrap\" style=\"max-width:calc( 1200px + 0px );margin-left: calc(-0px \/ 2 );margin-right: calc(-0px \/ 2 );\"><div class=\"fusion-layout-column fusion_builder_column fusion-builder-column-1 fusion_builder_column_1_1 1_1 fusion-flex-column\" style=\"--awb-bg-blend:overlay;--awb-bg-size:cover;--awb-width-large:100%;--awb-margin-top-large:0px;--awb-spacing-right-large:0px;--awb-margin-bottom-large:0px;--awb-spacing-left-large:0px;--awb-width-medium:100%;--awb-spacing-right-medium:0px;--awb-spacing-left-medium:0px;--awb-width-small:100%;--awb-spacing-right-small:0px;--awb-spacing-left-small:0px;\"><div class=\"fusion-column-wrapper fusion-flex-justify-content-flex-start fusion-content-layout-column\"><div style=\"text-align:center;\"><a class=\"fusion-button button-flat button-large button-custom fusion-button-default button-1 fusion-button-default-span fusion-button-default-type awb-b-icon-pos-left\" style=\"--button_accent_color:#ffffff;--button_border_color:#ffffff;--button_accent_hover_color:#ffffff;--button_border_hover_color:#ffffff;--button-border-radius-top-left:20px;--button-border-radius-top-right:20px;--button-border-radius-bottom-right:20px;--button-border-radius-bottom-left:20px;--button_gradient_top_color:var(--awb-color8);--button_gradient_bottom_color:var(--awb-color8);--button_gradient_top_color_hover:#d11c21;--button_gradient_bottom_color_hover:#d11c21;\" target=\"_self\" data-hover=\"icon_position\" href=\"https:\/\/isal-paris.com\/en\/contact-fashion-business-school\/\"><i class=\"fa-angle-double-right fas awb-button__icon awb-button__icon--default button-icon-left\" aria-hidden=\"true\"><\/i><i class=\"fa-angle-double-right fas awb-button__icon awb-button__icon--default button-icon-left\" aria-hidden=\"true\"><\/i><span class=\"fusion-button-text awb-button__text awb-button__text--default\">Contact us<\/span><\/a><\/div><\/div><\/div><\/div><\/div><\/p>","protected":false},"excerpt":{"rendered":"","protected":false},"author":1,"featured_media":13682,"parent":0,"menu_order":0,"comment_status":"closed","ping_status":"closed","template":"100-width.php","meta":{"_acf_changed":false,"footnotes":""},"class_list":["post-2334","page","type-page","status-publish","has-post-thumbnail","hentry"],"acf":[],"_links":{"self":[{"href":"https:\/\/isal-paris.com\/en\/wp-json\/wp\/v2\/pages\/2334","targetHints":{"allow":["GET"]}}],"collection":[{"href":"https:\/\/isal-paris.com\/en\/wp-json\/wp\/v2\/pages"}],"about":[{"href":"https:\/\/isal-paris.com\/en\/wp-json\/wp\/v2\/types\/page"}],"author":[{"embeddable":true,"href":"https:\/\/isal-paris.com\/en\/wp-json\/wp\/v2\/users\/1"}],"replies":[{"embeddable":true,"href":"https:\/\/isal-paris.com\/en\/wp-json\/wp\/v2\/comments?post=2334"}],"version-history":[{"count":4,"href":"https:\/\/isal-paris.com\/en\/wp-json\/wp\/v2\/pages\/2334\/revisions"}],"predecessor-version":[{"id":16102,"href":"https:\/\/isal-paris.com\/en\/wp-json\/wp\/v2\/pages\/2334\/revisions\/16102"}],"wp:featuredmedia":[{"embeddable":true,"href":"https:\/\/isal-paris.com\/en\/wp-json\/wp\/v2\/media\/13682"}],"wp:attachment":[{"href":"https:\/\/isal-paris.com\/en\/wp-json\/wp\/v2\/media?parent=2334"}],"curies":[{"name":"wp","href":"https:\/\/api.w.org\/{rel}","templated":true}]}}