{"id":6469,"date":"2020-01-24T12:01:18","date_gmt":"2020-01-24T11:01:18","guid":{"rendered":"https:\/\/isal-paris.com\/?page_id=6469"},"modified":"2026-02-04T11:40:15","modified_gmt":"2026-02-04T10:40:15","slug":"decouvrez-journees-isal-paris-etudiants-conferences","status":"publish","type":"page","link":"https:\/\/isal-paris.com\/en\/decouvrez-journees-isal-paris-etudiants-conferences\/","title":{"rendered":"Webinars"},"content":{"rendered":"<p><div class=\"fusion-fullwidth fullwidth-box fusion-builder-row-1 fusion-flex-container nonhundred-percent-fullwidth non-hundred-percent-height-scrolling\" style=\"--awb-border-radius-top-left:0px;--awb-border-radius-top-right:0px;--awb-border-radius-bottom-right:0px;--awb-border-radius-bottom-left:0px;--awb-flex-wrap:wrap;\" ><div class=\"fusion-builder-row fusion-row fusion-flex-align-items-flex-start fusion-flex-content-wrap\" style=\"max-width:1248px;margin-left: calc(-4% \/ 2 );margin-right: calc(-4% \/ 2 );\"><div class=\"fusion-layout-column fusion_builder_column fusion-builder-column-0 fusion_builder_column_1_1 1_1 fusion-flex-column\" style=\"--awb-bg-blend:overlay;--awb-bg-size:cover;--awb-width-large:100%;--awb-margin-top-large:0px;--awb-spacing-right-large:1.92%;--awb-margin-bottom-large:0px;--awb-spacing-left-large:1.92%;--awb-width-medium:100%;--awb-spacing-right-medium:1.92%;--awb-spacing-left-medium:1.92%;--awb-width-small:100%;--awb-spacing-right-small:1.92%;--awb-spacing-left-small:1.92%;\"><div class=\"fusion-column-wrapper fusion-column-has-shadow fusion-flex-justify-content-flex-start fusion-content-layout-column\"><div class=\"fusion-separator fusion-full-width-sep\" style=\"align-self: center;margin-left: auto;margin-right: auto;margin-top:10px;margin-bottom:10px;width:100%;\"><\/div><div class=\"fusion-text fusion-text-1\"><h1 class=\"fusion-responsive-typography-calculated\" style=\"text-align: center; --fontsize: 26; line-height: 1.31; --minfontsize: 26;\" data-fontsize=\"26\" data-lineheight=\"34.06px\"><strong>Les Webinaires ISAL PARIS <\/strong><\/h1>\n<\/div><div class=\"fusion-separator fusion-full-width-sep\" style=\"align-self: center;margin-left: auto;margin-right: auto;margin-top:10px;margin-bottom:20px;width:100%;\"><\/div><\/div><\/div><\/div><\/div><div class=\"fusion-fullwidth fullwidth-box fusion-builder-row-2 fusion-flex-container nonhundred-percent-fullwidth non-hundred-percent-height-scrolling\" style=\"--awb-border-radius-top-left:0px;--awb-border-radius-top-right:0px;--awb-border-radius-bottom-right:0px;--awb-border-radius-bottom-left:0px;--awb-flex-wrap:wrap;\" ><div class=\"fusion-builder-row fusion-row fusion-flex-align-items-flex-start fusion-flex-content-wrap\" style=\"max-width:1248px;margin-left: calc(-4% \/ 2 );margin-right: calc(-4% \/ 2 );\"><div class=\"fusion-layout-column fusion_builder_column fusion-builder-column-1 fusion_builder_column_1_1 1_1 fusion-flex-column\" style=\"--awb-bg-size:cover;--awb-width-large:100%;--awb-margin-top-large:0px;--awb-spacing-right-large:1.92%;--awb-margin-bottom-large:0px;--awb-spacing-left-large:1.92%;--awb-width-medium:100%;--awb-spacing-right-medium:1.92%;--awb-spacing-left-medium:1.92%;--awb-width-small:100%;--awb-spacing-right-small:1.92%;--awb-spacing-left-small:1.92%;\"><div class=\"fusion-column-wrapper fusion-column-has-shadow fusion-flex-justify-content-flex-start fusion-content-layout-column\"><div class=\"fusion-text fusion-text-2\"><h3 class=\"fusion-responsive-typography-calculated\" style=\"--fontsize: 25; line-height: 1.5; --minfontsize: 25;\" data-start=\"222\" data-end=\"261\" data-fontsize=\"25\" data-lineheight=\"37.5px\"><\/h3>\n<p data-start=\"263\" data-end=\"730\">Chaque mois, <strong data-start=\"276\" data-end=\"290\">ISAL PARIS<\/strong> organise une s\u00e9rie de <strong data-start=\"313\" data-end=\"352\">conf\u00e9rences et webinaires exclusifs<\/strong> autour de th\u00e9matiques inspirantes et actuelles, en lien direct avec les univers de la <strong data-start=\"439\" data-end=\"447\">mode<\/strong>, du <strong data-start=\"452\" data-end=\"460\">luxury<\/strong>, du <strong data-start=\"465\" data-end=\"476\">digital<\/strong>, de la <strong data-start=\"484\" data-end=\"501\">communication<\/strong>, de l\u2019<strong data-start=\"508\" data-end=\"522\">innovation<\/strong> et m\u00eame du <strong data-start=\"534\" data-end=\"544\">cin\u00e9ma<\/strong>. Ces \u00e9v\u00e9nements ont pour objectif de cr\u00e9er un espace d\u2019\u00e9change, de r\u00e9flexion et de partage entre professionnels, \u00e9tudiants, passionn\u00e9s et curieux de ces secteurs en constante \u00e9volution.<\/p>\n<p data-start=\"732\" data-end=\"1172\">Les conf\u00e9rences ISAL PARIS sont con\u00e7ues comme de v\u00e9ritables moments d\u2019immersion dans les r\u00e9alit\u00e9s professionnelles d\u2019aujourd\u2019hui et de demain. Elles permettent d\u2019aborder des sujets vari\u00e9s tels que les nouvelles tendances de la mode, la transformation digitale des marques de luxe, l\u2019impact des r\u00e9seaux sociaux sur la communication, la cr\u00e9ation de contenus audiovisuels ou encore les enjeux \u00e9thiques et responsables des industries cr\u00e9atives.<\/p>\n<p data-start=\"1174\" data-end=\"1658\">Participer \u00e0 une conf\u00e9rence ISAL PARIS, c\u2019est avant tout <strong data-start=\"1231\" data-end=\"1282\">rencontrer des speakers influents et inspirants<\/strong>, reconnus pour leur expertise et leur parcours. Entrepreneurs, cr\u00e9ateurs, directeurs artistiques, experts du digital, consultants ou professionnels du cin\u00e9ma viennent partager leur exp\u00e9rience, leur vision du march\u00e9 et les d\u00e9fis auxquels ils font face au quotidien. Ces interventions offrent une occasion unique d\u2019apprendre directement aupr\u00e8s d\u2019acteurs cl\u00e9s de ces industries.<\/p>\n<p data-start=\"1660\" data-end=\"1974\">Ces \u00e9v\u00e9nements sont \u00e9galement l\u2019opportunit\u00e9 de <strong data-start=\"1707\" data-end=\"1756\">rencontrer des cr\u00e9ateurs et talents \u00e9mergents<\/strong>, de d\u00e9couvrir leurs projets et de s\u2019inspirer de leur cr\u00e9ativit\u00e9. Les \u00e9changes favorisent la curiosit\u00e9, l\u2019ouverture d\u2019esprit et encouragent les participants \u00e0 d\u00e9velopper leur propre regard sur ces univers passionnants.<\/p>\n<p data-start=\"1976\" data-end=\"2361\">Au-del\u00e0 des contenus th\u00e9oriques, les conf\u00e9rences ISAL PARIS permettent d\u2019<strong data-start=\"2049\" data-end=\"2087\">apprendre de nouvelles comp\u00e9tences<\/strong>, de mieux comprendre les \u00e9volutions du secteur et d\u2019anticiper les m\u00e9tiers de demain. Elles constituent un v\u00e9ritable compl\u00e9ment p\u00e9dagogique pour les \u00e9tudiants, mais aussi une source d\u2019enrichissement pour les professionnels souhaitant rester \u00e0 jour et nourrir leur r\u00e9flexion.<\/p>\n<p data-start=\"2363\" data-end=\"2745\">Participer \u00e0 nos conf\u00e9rences, c\u2019est aussi <strong data-start=\"2405\" data-end=\"2442\">d\u00e9couvrir les locaux d\u2019ISAL PARIS<\/strong>, un lieu dynamique et cr\u00e9atif situ\u00e9 au c\u0153ur de la capitale. L\u2019\u00e9cole ouvre ses portes afin de faire vivre aux participants une exp\u00e9rience immersive dans son environnement, son atmosph\u00e8re et ses valeurs. Ces moments privil\u00e9gi\u00e9s permettent de mieux comprendre l\u2019ADN de l\u2019\u00e9cole et son approche p\u00e9dagogique.<\/p>\n<p data-start=\"2747\" data-end=\"3132\">Enfin, ces conf\u00e9rences sont avant tout des <strong data-start=\"2790\" data-end=\"2833\">moments de rencontre et de convivialit\u00e9<\/strong>. Elles favorisent le networking, les \u00e9changes informels et la cr\u00e9ation de liens entre participants partageant les m\u00eames centres d\u2019int\u00e9r\u00eat. Que vous soyez \u00e9tudiant, professionnel, entrepreneur ou simplement passionn\u00e9, vous aurez l\u2019occasion de partager un moment unique avec la communaut\u00e9 ISAL PARIS.<\/p>\n<p data-start=\"3134\" data-end=\"3408\">Alors, <strong data-start=\"3141\" data-end=\"3163\">qu\u2019attendez-vous ?<\/strong><br data-start=\"3163\" data-end=\"3166\">Rejoignez-nous lors de nos prochaines conf\u00e9rences et webinaires, venez vous inspirer, apprendre, \u00e9changer et vivre une exp\u00e9rience enrichissante au c\u0153ur des univers de la mode, du luxe, du digital et de la cr\u00e9ation. <strong data-start=\"3381\" data-end=\"3408\">ISAL PARIS vous attend.<br>\n<\/strong><\/p>\n<p data-start=\"182\" data-end=\"613\">Ces conf\u00e9rences et webinaires s\u2019adressent \u00e0 un public large et vari\u00e9. Que vous soyez <strong data-start=\"267\" data-end=\"279\">student<\/strong>, <strong data-start=\"281\" data-end=\"298\">jeune dipl\u00f4m\u00e9<\/strong>, <strong data-start=\"300\" data-end=\"328\">professionnel du secteur<\/strong>, <strong data-start=\"330\" data-end=\"346\">entrepreneur<\/strong>, ou simplement <strong data-start=\"362\" data-end=\"421\">passionn\u00e9 par la mode, le luxe, le digital ou le cin\u00e9ma<\/strong>, les \u00e9v\u00e9nements ISAL PARIS sont pens\u00e9s pour r\u00e9pondre \u00e0 vos attentes. Chaque rencontre est con\u00e7ue pour \u00eatre accessible, enrichissante et stimulante, quel que soit votre niveau de connaissance.<\/p>\n<p data-start=\"615\" data-end=\"971\">ISAL PARIS accorde une importance particuli\u00e8re \u00e0 la <strong data-start=\"667\" data-end=\"691\">qualit\u00e9 des contenus<\/strong> propos\u00e9s ainsi qu\u2019\u00e0 l\u2019interactivit\u00e9 des \u00e9changes. Les participants sont encourag\u00e9s \u00e0 poser des questions, \u00e0 partager leurs points de vue et \u00e0 participer activement aux discussions. Cette approche favorise un apprentissage dynamique et concret, ancr\u00e9 dans les r\u00e9alit\u00e9s du terrain.<\/p>\n<p data-start=\"973\" data-end=\"1324\">En participant r\u00e9guli\u00e8rement aux conf\u00e9rences ISAL PARIS, vous d\u00e9veloppez votre <strong data-start=\"1052\" data-end=\"1079\">culture professionnelle<\/strong>, \u00e9largissez votre <strong data-start=\"1098\" data-end=\"1108\">r\u00e9seau<\/strong>, et restez inform\u00e9 des <strong data-start=\"1132\" data-end=\"1170\">nouvelles tendances et innovations<\/strong> qui fa\u00e7onnent les industries cr\u00e9atives. Chaque \u00e9v\u00e9nement est une occasion unique de s\u2019inspirer, de se projeter et de construire son avenir professionnel.<\/p>\n<p data-start=\"3134\" data-end=\"3408\">\n<\/div><div class=\"fusion-separator fusion-full-width-sep\" style=\"align-self: center;margin-left: auto;margin-right: auto;width:100%;\"><div class=\"fusion-separator-border sep-double\" style=\"--awb-height:30px;--awb-amount:20px;--awb-sep-color:rgba(255,255,255,0.15);border-color:rgba(255,255,255,0.15);border-top-width:1px;border-bottom-width:1px;\"><\/div><\/div><div style=\"text-align:center;\"><a class=\"fusion-button button-flat fusion-button-default-size button-custom fusion-button-default button-1 fusion-button-default-span fusion-button-default-type awb-b-icon-pos-left\" style=\"--button_accent_color:#ffffff;--button_border_color:#ffffff;--button_accent_hover_color:#ffffff;--button_border_hover_color:#ffffff;--button-border-radius-top-left:20px;--button-border-radius-top-right:20px;--button-border-radius-bottom-right:20px;--button-border-radius-bottom-left:20px;--button_gradient_top_color:var(--awb-color8);--button_gradient_bottom_color:var(--awb-color8);--button_gradient_top_color_hover:#d11c21;--button_gradient_bottom_color_hover:#d11c21;--button_margin-top:10px;\" target=\"_self\" data-hover=\"icon_position\" href=\"https:\/\/isal-paris.com\/en\/our-luxury-fashion-courses-marketing-management-digital-hr\/\"><i class=\"fa-angle-double-right fas awb-button__icon awb-button__icon--default button-icon-left\" aria-hidden=\"true\"><\/i><i class=\"fa-angle-double-right fas awb-button__icon awb-button__icon--default button-icon-left\" aria-hidden=\"true\"><\/i><span class=\"fusion-button-text awb-button__text awb-button__text--default\">D\u00c9COUVRIR NOS FORMATIOS <\/span><\/a><\/div><\/div><\/div><\/div><\/div><div class=\"fusion-fullwidth fullwidth-box fusion-builder-row-3 fusion-flex-container nonhundred-percent-fullwidth non-hundred-percent-height-scrolling\" style=\"--awb-border-radius-top-left:0px;--awb-border-radius-top-right:0px;--awb-border-radius-bottom-right:0px;--awb-border-radius-bottom-left:0px;--awb-flex-wrap:wrap;\" ><div class=\"fusion-builder-row fusion-row fusion-flex-align-items-flex-start fusion-flex-content-wrap\" style=\"max-width:1248px;margin-left: calc(-4% \/ 2 );margin-right: calc(-4% \/ 2 );\"><div class=\"fusion-layout-column fusion_builder_column fusion-builder-column-2 fusion_builder_column_1_1 1_1 fusion-flex-column\" style=\"--awb-bg-size:cover;--awb-width-large:100%;--awb-margin-top-large:0px;--awb-spacing-right-large:1.92%;--awb-margin-bottom-large:0px;--awb-spacing-left-large:1.92%;--awb-width-medium:100%;--awb-spacing-right-medium:1.92%;--awb-spacing-left-medium:1.92%;--awb-width-small:100%;--awb-spacing-right-small:1.92%;--awb-spacing-left-small:1.92%;\"><div class=\"fusion-column-wrapper fusion-column-has-shadow fusion-flex-justify-content-flex-start fusion-content-layout-column\"><div class=\"fusion-separator fusion-full-width-sep\" style=\"align-self: center;margin-left: auto;margin-right: auto;margin-top:60px;width:100%;\"><\/div><div class=\"fusion-title title fusion-title-1 fusion-title-text fusion-title-size-two\" style=\"--awb-margin-top-small:0px;--awb-margin-right-small:0px;--awb-margin-bottom-small:20px;--awb-margin-left-small:0px;\"><div class=\"title-sep-container title-sep-container-left fusion-no-large-visibility fusion-no-medium-visibility fusion-no-small-visibility\"><div class=\"title-sep sep-single sep-solid\" style=\"border-color:var(--awb-color4);\"><\/div><\/div><span class=\"awb-title-spacer fusion-no-large-visibility fusion-no-medium-visibility fusion-no-small-visibility\"><\/span><h2 class=\"fusion-title-heading title-heading-left fusion-responsive-typography-calculated\" style=\"margin:0;--fontSize:22;--minFontSize:22;line-height:1.5;\"><h2>Previous ISAL conferences<\/h2><\/h2><span class=\"awb-title-spacer\"><\/span><div class=\"title-sep-container title-sep-container-right\"><div class=\"title-sep sep-single sep-solid\" style=\"border-color:var(--awb-color4);\"><\/div><\/div><\/div><\/div><\/div><div class=\"fusion-layout-column fusion_builder_column fusion-builder-column-3 fusion_builder_column_1_2 1_2 fusion-flex-column\" style=\"--awb-bg-size:cover;--awb-width-large:50%;--awb-margin-top-large:0px;--awb-spacing-right-large:3.84%;--awb-margin-bottom-large:0px;--awb-spacing-left-large:3.84%;--awb-width-medium:100%;--awb-spacing-right-medium:1.92%;--awb-spacing-left-medium:1.92%;--awb-width-small:100%;--awb-spacing-right-small:1.92%;--awb-spacing-left-small:1.92%;\"><div class=\"fusion-column-wrapper fusion-column-has-shadow fusion-flex-justify-content-flex-start fusion-content-layout-column\"><div class=\"fusion-video fusion-youtube\" style=\"--awb-max-width:600px;--awb-max-height:360px;--awb-align-self:flex-start;--awb-width:100%;\"><div class=\"video-shortcode\"><div class=\"fluid-width-video-wrapper\" style=\"padding-top:60%;\" ><iframe title=\"YouTube video player 1\" src=\"https:\/\/www.youtube.com\/embed\/nTSJsZExhP0?wmode=transparent&autoplay=0\" width=\"600\" height=\"360\" allowfullscreen allow=\"autoplay; clipboard-write; encrypted-media; gyroscope; picture-in-picture;\"><\/iframe><\/div><\/div><\/div><div class=\"fusion-separator fusion-full-width-sep\" style=\"align-self: center;margin-left: auto;margin-right: auto;margin-top:20px;margin-bottom:20px;width:100%;\"><\/div><\/div><\/div><div class=\"fusion-layout-column fusion_builder_column fusion-builder-column-4 fusion_builder_column_1_2 1_2 fusion-flex-column\" style=\"--awb-bg-size:cover;--awb-width-large:50%;--awb-margin-top-large:0px;--awb-spacing-right-large:3.84%;--awb-margin-bottom-large:0px;--awb-spacing-left-large:3.84%;--awb-width-medium:100%;--awb-spacing-right-medium:1.92%;--awb-spacing-left-medium:1.92%;--awb-width-small:100%;--awb-spacing-right-small:1.92%;--awb-spacing-left-small:1.92%;\"><div class=\"fusion-column-wrapper fusion-column-has-shadow fusion-flex-justify-content-flex-start fusion-content-layout-column\"><div class=\"fusion-video fusion-youtube\" style=\"--awb-max-width:600px;--awb-max-height:360px;--awb-align-self:flex-end;--awb-width:100%;\"><div class=\"video-shortcode\"><div class=\"fluid-width-video-wrapper\" style=\"padding-top:60%;\" ><iframe title=\"YouTube video player 2\" src=\"https:\/\/www.youtube.com\/embed\/PuFkkedR2cA?wmode=transparent&autoplay=0\" width=\"600\" height=\"360\" allowfullscreen allow=\"autoplay; clipboard-write; encrypted-media; gyroscope; picture-in-picture;\"><\/iframe><\/div><\/div><\/div><div class=\"fusion-separator fusion-full-width-sep\" style=\"align-self: center;margin-left: auto;margin-right: auto;margin-top:20px;margin-bottom:20px;width:100%;\"><\/div><\/div><\/div><\/div><\/div><\/p>","protected":false},"excerpt":{"rendered":"","protected":false},"author":1,"featured_media":2078,"parent":0,"menu_order":0,"comment_status":"closed","ping_status":"closed","template":"100-width.php","meta":{"_acf_changed":false,"footnotes":""},"class_list":["post-6469","page","type-page","status-publish","has-post-thumbnail","hentry"],"acf":[],"_links":{"self":[{"href":"https:\/\/isal-paris.com\/en\/wp-json\/wp\/v2\/pages\/6469","targetHints":{"allow":["GET"]}}],"collection":[{"href":"https:\/\/isal-paris.com\/en\/wp-json\/wp\/v2\/pages"}],"about":[{"href":"https:\/\/isal-paris.com\/en\/wp-json\/wp\/v2\/types\/page"}],"author":[{"embeddable":true,"href":"https:\/\/isal-paris.com\/en\/wp-json\/wp\/v2\/users\/1"}],"replies":[{"embeddable":true,"href":"https:\/\/isal-paris.com\/en\/wp-json\/wp\/v2\/comments?post=6469"}],"version-history":[{"count":21,"href":"https:\/\/isal-paris.com\/en\/wp-json\/wp\/v2\/pages\/6469\/revisions"}],"predecessor-version":[{"id":15884,"href":"https:\/\/isal-paris.com\/en\/wp-json\/wp\/v2\/pages\/6469\/revisions\/15884"}],"wp:featuredmedia":[{"embeddable":true,"href":"https:\/\/isal-paris.com\/en\/wp-json\/wp\/v2\/media\/2078"}],"wp:attachment":[{"href":"https:\/\/isal-paris.com\/en\/wp-json\/wp\/v2\/media?parent=6469"}],"curies":[{"name":"wp","href":"https:\/\/api.w.org\/{rel}","templated":true}]}}